{"id":2200,"date":"2023-09-16T18:49:46","date_gmt":"2023-09-16T18:49:46","guid":{"rendered":"https:\/\/www.grupohysus.com\/?post_type=product&#038;p=2200"},"modified":"2023-11-16T21:25:45","modified_gmt":"2023-11-16T21:25:45","slug":"mesa-pequena","status":"publish","type":"product","link":"https:\/\/www.grupohysus.com\/en\/product\/mesa-pequena\/","title":{"rendered":"Mesa peque\u00f1a"},"content":{"rendered":"<p>Mesa peque\u00f1a de madera tambi\u00e9n conocida como mesa auxiliar, mesita de caf\u00e9 o mesita de noche.<\/p>","protected":false},"excerpt":{"rendered":"<p>Mesa peque\u00f1a de madera tambi\u00e9n conocida como mesa auxiliar, mesita de caf\u00e9 o mesita de noche.<\/p>","protected":false},"featured_media":2201,"comment_status":"open","ping_status":"closed","template":"","meta":{"content-type":"","_uag_custom_page_level_css":""},"product_brand":[],"product_cat":[48],"product_tag":[],"class_list":{"0":"post-2200","1":"product","2":"type-product","3":"status-publish","4":"has-post-thumbnail","6":"product_cat-mesas","8":"first","9":"instock","10":"shipping-taxable","11":"product-type-simple"},"uagb_featured_image_src":{"full":["https:\/\/www.grupohysus.com\/wp-content\/uploads\/2023\/09\/10.jpg",612,673,false],"thumbnail":["https:\/\/www.grupohysus.com\/wp-content\/uploads\/2023\/09\/10-150x150.jpg",150,150,true],"medium":["https:\/\/www.grupohysus.com\/wp-content\/uploads\/2023\/09\/10-273x300.jpg",273,300,true],"medium_large":["https:\/\/www.grupohysus.com\/wp-content\/uploads\/2023\/09\/10.jpg",612,673,false],"large":["https:\/\/www.grupohysus.com\/wp-content\/uploads\/2023\/09\/10.jpg",612,673,false],"1536x1536":["https:\/\/www.grupohysus.com\/wp-content\/uploads\/2023\/09\/10.jpg",612,673,false],"2048x2048":["https:\/\/www.grupohysus.com\/wp-content\/uploads\/2023\/09\/10.jpg",612,673,false],"trp-custom-language-flag":["https:\/\/www.grupohysus.com\/wp-content\/uploads\/2023\/09\/10-11x12.jpg",11,12,true],"mailpoet_newsletter_max":["https:\/\/www.grupohysus.com\/wp-content\/uploads\/2023\/09\/10.jpg",612,673,false],"woocommerce_thumbnail":["https:\/\/www.grupohysus.com\/wp-content\/uploads\/2023\/09\/10-300x300.jpg",300,300,true],"woocommerce_single":["https:\/\/www.grupohysus.com\/wp-content\/uploads\/2023\/09\/10-600x660.jpg",600,660,true],"woocommerce_gallery_thumbnail":["https:\/\/www.grupohysus.com\/wp-content\/uploads\/2023\/09\/10-100x100.jpg",100,100,true]},"uagb_author_info":{"display_name":"global_project","author_link":"https:\/\/www.grupohysus.com\/en\/author\/"},"uagb_comment_info":0,"uagb_excerpt":"Mesa peque\u00f1a de madera tambi\u00e9n conocida como mesa auxiliar, mesita de caf\u00e9 o mesita de noche.","_links":{"self":[{"href":"https:\/\/www.grupohysus.com\/en\/wp-json\/wp\/v2\/product\/2200","targetHints":{"allow":["GET"]}}],"collection":[{"href":"https:\/\/www.grupohysus.com\/en\/wp-json\/wp\/v2\/product"}],"about":[{"href":"https:\/\/www.grupohysus.com\/en\/wp-json\/wp\/v2\/types\/product"}],"replies":[{"embeddable":true,"href":"https:\/\/www.grupohysus.com\/en\/wp-json\/wp\/v2\/comments?post=2200"}],"wp:featuredmedia":[{"embeddable":true,"href":"https:\/\/www.grupohysus.com\/en\/wp-json\/wp\/v2\/media\/2201"}],"wp:attachment":[{"href":"https:\/\/www.grupohysus.com\/en\/wp-json\/wp\/v2\/media?parent=2200"}],"wp:term":[{"taxonomy":"product_brand","embeddable":true,"href":"https:\/\/www.grupohysus.com\/en\/wp-json\/wp\/v2\/product_brand?post=2200"},{"taxonomy":"product_cat","embeddable":true,"href":"https:\/\/www.grupohysus.com\/en\/wp-json\/wp\/v2\/product_cat?post=2200"},{"taxonomy":"product_tag","embeddable":true,"href":"https:\/\/www.grupohysus.com\/en\/wp-json\/wp\/v2\/product_tag?post=2200"}],"curies":[{"name":"wp","href":"https:\/\/api.w.org\/{rel}","templated":true}]}}