{"id":2284,"date":"2023-09-19T17:02:24","date_gmt":"2023-09-19T17:02:24","guid":{"rendered":"https:\/\/www.grupohysus.com\/?post_type=product&#038;p=2284"},"modified":"2025-09-18T01:27:29","modified_gmt":"2025-09-18T01:27:29","slug":"fabricacion-de-cabanas-de-madera","status":"publish","type":"product","link":"https:\/\/www.grupohysus.com\/en\/product\/fabricacion-de-cabanas-de-madera\/","title":{"rendered":"Fabricaci\u00f3n de Caba\u00f1as de Madera"},"content":{"rendered":"<p>Experimenta la esencia de la naturaleza con nuestras caba\u00f1as de campo, dise\u00f1adas con artesan\u00eda de alta calidad y las mejores maderas. Ofrecemos una soluci\u00f3n completa para tu refugio campestre, combinando confort y durabilidad en una armoniosa mezcla de estilo y funcionalidad.<\/p>","protected":false},"excerpt":{"rendered":"<p>Fabricaci\u00f3n de caba\u00f1as de campo.<\/p>","protected":false},"featured_media":2285,"comment_status":"open","ping_status":"closed","template":"","meta":{"content-type":"","_uag_custom_page_level_css":""},"product_brand":[],"product_cat":[52],"product_tag":[56,66,53,62,57,60,61,67,63,64,72,68,65,58,69,55,71,59,70,54],"class_list":{"0":"post-2284","1":"product","2":"type-product","3":"status-publish","4":"has-post-thumbnail","6":"product_cat-cabanas-de-campo","7":"product_tag-arquitecturarustica","8":"product_tag-cabanapersonalizada","9":"product_tag-cabanasdecampo","10":"product_tag-confortydurabilidad","11":"product_tag-construcciondecalidad","12":"product_tag-descansorural","13":"product_tag-disenoecologico","14":"product_tag-escapedelaciudad","15":"product_tag-experiencianatural","16":"product_tag-hogardevacaciones","17":"product_tag-hogarecologico","18":"product_tag-inversioninmobiliaria","19":"product_tag-lujorustico","20":"product_tag-refugiocampestre","21":"product_tag-retirodemontana","22":"product_tag-retironatural","23":"product_tag-sostenibilidad","24":"product_tag-vidaalairelibre","25":"product_tag-viviendademadera","26":"product_tag-viviendasostenible","28":"first","29":"instock","30":"shipping-taxable","31":"product-type-simple"},"uagb_featured_image_src":{"full":["https:\/\/www.grupohysus.com\/wp-content\/uploads\/2023\/09\/01-4.jpg",720,586,false],"thumbnail":["https:\/\/www.grupohysus.com\/wp-content\/uploads\/2023\/09\/01-4-150x150.jpg",150,150,true],"medium":["https:\/\/www.grupohysus.com\/wp-content\/uploads\/2023\/09\/01-4-300x244.jpg",300,244,true],"medium_large":["https:\/\/www.grupohysus.com\/wp-content\/uploads\/2023\/09\/01-4.jpg",720,586,false],"large":["https:\/\/www.grupohysus.com\/wp-content\/uploads\/2023\/09\/01-4.jpg",720,586,false],"1536x1536":["https:\/\/www.grupohysus.com\/wp-content\/uploads\/2023\/09\/01-4.jpg",720,586,false],"2048x2048":["https:\/\/www.grupohysus.com\/wp-content\/uploads\/2023\/09\/01-4.jpg",720,586,false],"trp-custom-language-flag":["https:\/\/www.grupohysus.com\/wp-content\/uploads\/2023\/09\/01-4-15x12.jpg",15,12,true],"mailpoet_newsletter_max":["https:\/\/www.grupohysus.com\/wp-content\/uploads\/2023\/09\/01-4.jpg",720,586,false],"woocommerce_thumbnail":["https:\/\/www.grupohysus.com\/wp-content\/uploads\/2023\/09\/01-4-300x300.jpg",300,300,true],"woocommerce_single":["https:\/\/www.grupohysus.com\/wp-content\/uploads\/2023\/09\/01-4-600x488.jpg",600,488,true],"woocommerce_gallery_thumbnail":["https:\/\/www.grupohysus.com\/wp-content\/uploads\/2023\/09\/01-4-100x100.jpg",100,100,true]},"uagb_author_info":{"display_name":"global_project","author_link":"https:\/\/www.grupohysus.com\/en\/author\/"},"uagb_comment_info":2,"uagb_excerpt":"Fabricaci\u00f3n de caba\u00f1as de campo.","_links":{"self":[{"href":"https:\/\/www.grupohysus.com\/en\/wp-json\/wp\/v2\/product\/2284","targetHints":{"allow":["GET"]}}],"collection":[{"href":"https:\/\/www.grupohysus.com\/en\/wp-json\/wp\/v2\/product"}],"about":[{"href":"https:\/\/www.grupohysus.com\/en\/wp-json\/wp\/v2\/types\/product"}],"replies":[{"embeddable":true,"href":"https:\/\/www.grupohysus.com\/en\/wp-json\/wp\/v2\/comments?post=2284"}],"wp:featuredmedia":[{"embeddable":true,"href":"https:\/\/www.grupohysus.com\/en\/wp-json\/wp\/v2\/media\/2285"}],"wp:attachment":[{"href":"https:\/\/www.grupohysus.com\/en\/wp-json\/wp\/v2\/media?parent=2284"}],"wp:term":[{"taxonomy":"product_brand","embeddable":true,"href":"https:\/\/www.grupohysus.com\/en\/wp-json\/wp\/v2\/product_brand?post=2284"},{"taxonomy":"product_cat","embeddable":true,"href":"https:\/\/www.grupohysus.com\/en\/wp-json\/wp\/v2\/product_cat?post=2284"},{"taxonomy":"product_tag","embeddable":true,"href":"https:\/\/www.grupohysus.com\/en\/wp-json\/wp\/v2\/product_tag?post=2284"}],"curies":[{"name":"wp","href":"https:\/\/api.w.org\/{rel}","templated":true}]}}