{"id":2335,"date":"2023-11-16T21:39:34","date_gmt":"2023-11-16T21:39:34","guid":{"rendered":"https:\/\/www.grupohysus.com\/?post_type=product&#038;p=2335"},"modified":"2025-04-12T22:12:09","modified_gmt":"2025-04-12T22:12:09","slug":"pergola","status":"publish","type":"product","link":"https:\/\/www.grupohysus.com\/en\/product\/pergola\/","title":{"rendered":"P\u00e9rgolas Para Jard\u00edn"},"content":{"rendered":"<p>P\u00e9rgola para jard\u00edn de madera de pino tratado.<\/p>","protected":false},"excerpt":{"rendered":"<p>P\u00e9rgola para jard\u00edn de madera de pino tratado.<\/p>","protected":false},"featured_media":2373,"comment_status":"open","ping_status":"closed","template":"","meta":{"content-type":"","_uag_custom_page_level_css":""},"product_brand":[],"product_cat":[43],"product_tag":[],"class_list":{"0":"post-2335","1":"product","2":"type-product","3":"status-publish","4":"has-post-thumbnail","6":"product_cat-pergolas","8":"first","9":"instock","10":"shipping-taxable","11":"product-type-simple"},"uagb_featured_image_src":{"full":["https:\/\/www.grupohysus.com\/wp-content\/uploads\/2023\/11\/12.jpg",720,768,false],"thumbnail":["https:\/\/www.grupohysus.com\/wp-content\/uploads\/2023\/11\/12-150x150.jpg",150,150,true],"medium":["https:\/\/www.grupohysus.com\/wp-content\/uploads\/2023\/11\/12-281x300.jpg",281,300,true],"medium_large":["https:\/\/www.grupohysus.com\/wp-content\/uploads\/2023\/11\/12.jpg",720,768,false],"large":["https:\/\/www.grupohysus.com\/wp-content\/uploads\/2023\/11\/12.jpg",720,768,false],"1536x1536":["https:\/\/www.grupohysus.com\/wp-content\/uploads\/2023\/11\/12.jpg",720,768,false],"2048x2048":["https:\/\/www.grupohysus.com\/wp-content\/uploads\/2023\/11\/12.jpg",720,768,false],"trp-custom-language-flag":["https:\/\/www.grupohysus.com\/wp-content\/uploads\/2023\/11\/12-11x12.jpg",11,12,true],"mailpoet_newsletter_max":["https:\/\/www.grupohysus.com\/wp-content\/uploads\/2023\/11\/12.jpg",720,768,false],"woocommerce_thumbnail":["https:\/\/www.grupohysus.com\/wp-content\/uploads\/2023\/11\/12-300x300.jpg",300,300,true],"woocommerce_single":["https:\/\/www.grupohysus.com\/wp-content\/uploads\/2023\/11\/12-600x640.jpg",600,640,true],"woocommerce_gallery_thumbnail":["https:\/\/www.grupohysus.com\/wp-content\/uploads\/2023\/11\/12-100x100.jpg",100,100,true]},"uagb_author_info":{"display_name":"global_project","author_link":"https:\/\/www.grupohysus.com\/en\/author\/"},"uagb_comment_info":1,"uagb_excerpt":"P\u00e9rgola para jard\u00edn de madera de pino tratado.","_links":{"self":[{"href":"https:\/\/www.grupohysus.com\/en\/wp-json\/wp\/v2\/product\/2335","targetHints":{"allow":["GET"]}}],"collection":[{"href":"https:\/\/www.grupohysus.com\/en\/wp-json\/wp\/v2\/product"}],"about":[{"href":"https:\/\/www.grupohysus.com\/en\/wp-json\/wp\/v2\/types\/product"}],"replies":[{"embeddable":true,"href":"https:\/\/www.grupohysus.com\/en\/wp-json\/wp\/v2\/comments?post=2335"}],"wp:featuredmedia":[{"embeddable":true,"href":"https:\/\/www.grupohysus.com\/en\/wp-json\/wp\/v2\/media\/2373"}],"wp:attachment":[{"href":"https:\/\/www.grupohysus.com\/en\/wp-json\/wp\/v2\/media?parent=2335"}],"wp:term":[{"taxonomy":"product_brand","embeddable":true,"href":"https:\/\/www.grupohysus.com\/en\/wp-json\/wp\/v2\/product_brand?post=2335"},{"taxonomy":"product_cat","embeddable":true,"href":"https:\/\/www.grupohysus.com\/en\/wp-json\/wp\/v2\/product_cat?post=2335"},{"taxonomy":"product_tag","embeddable":true,"href":"https:\/\/www.grupohysus.com\/en\/wp-json\/wp\/v2\/product_tag?post=2335"}],"curies":[{"name":"wp","href":"https:\/\/api.w.org\/{rel}","templated":true}]}}