{"id":2366,"date":"2023-11-16T21:45:13","date_gmt":"2023-11-16T21:45:13","guid":{"rendered":"https:\/\/www.grupohysus.com\/?post_type=product&#038;p=2366"},"modified":"2023-11-16T21:46:04","modified_gmt":"2023-11-16T21:46:04","slug":"closet","status":"publish","type":"product","link":"https:\/\/www.grupohysus.com\/en\/product\/closet\/","title":{"rendered":"Cl\u00f3set"},"content":{"rendered":"<p>Dale un toque de elegancia y funcionalidad a tu habitaci\u00f3n con nuestro Cl\u00f3set Personalizado. Dise\u00f1ado para maximizar tu espacio y mantener tus prendas y accesorios ordenados, este cl\u00f3set es una soluci\u00f3n ideal para cualquier estilo de vida.<\/p>","protected":false},"excerpt":{"rendered":"<p>Dale un toque de elegancia y funcionalidad a tu habitaci\u00f3n con nuestro Cl\u00f3set Personalizado. Dise\u00f1ado para maximizar tu espacio y mantener tus prendas y accesorios ordenados, este cl\u00f3set es una soluci\u00f3n ideal para cualquier estilo de vida.<\/p>","protected":false},"featured_media":2367,"comment_status":"open","ping_status":"closed","template":"","meta":{"content-type":"","_uag_custom_page_level_css":""},"product_brand":[],"product_cat":[74],"product_tag":[],"class_list":{"0":"post-2366","1":"product","2":"type-product","3":"status-publish","4":"has-post-thumbnail","6":"product_cat-closet","8":"first","9":"instock","10":"shipping-taxable","11":"product-type-simple"},"uagb_featured_image_src":{"full":["https:\/\/www.grupohysus.com\/wp-content\/uploads\/2023\/11\/Imagen-de-WhatsApp-2023-11-15-a-las-16.59.40_6e42faae-1.jpg",720,895,false],"thumbnail":["https:\/\/www.grupohysus.com\/wp-content\/uploads\/2023\/11\/Imagen-de-WhatsApp-2023-11-15-a-las-16.59.40_6e42faae-1-150x150.jpg",150,150,true],"medium":["https:\/\/www.grupohysus.com\/wp-content\/uploads\/2023\/11\/Imagen-de-WhatsApp-2023-11-15-a-las-16.59.40_6e42faae-1-241x300.jpg",241,300,true],"medium_large":["https:\/\/www.grupohysus.com\/wp-content\/uploads\/2023\/11\/Imagen-de-WhatsApp-2023-11-15-a-las-16.59.40_6e42faae-1.jpg",720,895,false],"large":["https:\/\/www.grupohysus.com\/wp-content\/uploads\/2023\/11\/Imagen-de-WhatsApp-2023-11-15-a-las-16.59.40_6e42faae-1.jpg",720,895,false],"1536x1536":["https:\/\/www.grupohysus.com\/wp-content\/uploads\/2023\/11\/Imagen-de-WhatsApp-2023-11-15-a-las-16.59.40_6e42faae-1.jpg",720,895,false],"2048x2048":["https:\/\/www.grupohysus.com\/wp-content\/uploads\/2023\/11\/Imagen-de-WhatsApp-2023-11-15-a-las-16.59.40_6e42faae-1.jpg",720,895,false],"trp-custom-language-flag":["https:\/\/www.grupohysus.com\/wp-content\/uploads\/2023\/11\/Imagen-de-WhatsApp-2023-11-15-a-las-16.59.40_6e42faae-1-10x12.jpg",10,12,true],"mailpoet_newsletter_max":["https:\/\/www.grupohysus.com\/wp-content\/uploads\/2023\/11\/Imagen-de-WhatsApp-2023-11-15-a-las-16.59.40_6e42faae-1.jpg",720,895,false],"woocommerce_thumbnail":["https:\/\/www.grupohysus.com\/wp-content\/uploads\/2023\/11\/Imagen-de-WhatsApp-2023-11-15-a-las-16.59.40_6e42faae-1-300x300.jpg",300,300,true],"woocommerce_single":["https:\/\/www.grupohysus.com\/wp-content\/uploads\/2023\/11\/Imagen-de-WhatsApp-2023-11-15-a-las-16.59.40_6e42faae-1-600x746.jpg",600,746,true],"woocommerce_gallery_thumbnail":["https:\/\/www.grupohysus.com\/wp-content\/uploads\/2023\/11\/Imagen-de-WhatsApp-2023-11-15-a-las-16.59.40_6e42faae-1-100x100.jpg",100,100,true]},"uagb_author_info":{"display_name":"global_project","author_link":"https:\/\/www.grupohysus.com\/en\/author\/"},"uagb_comment_info":0,"uagb_excerpt":"Dale un toque de elegancia y funcionalidad a tu habitaci\u00f3n con nuestro Cl\u00f3set Personalizado. Dise\u00f1ado para maximizar tu espacio y mantener tus prendas y accesorios ordenados, este cl\u00f3set es una soluci\u00f3n ideal para cualquier estilo de vida.","_links":{"self":[{"href":"https:\/\/www.grupohysus.com\/en\/wp-json\/wp\/v2\/product\/2366","targetHints":{"allow":["GET"]}}],"collection":[{"href":"https:\/\/www.grupohysus.com\/en\/wp-json\/wp\/v2\/product"}],"about":[{"href":"https:\/\/www.grupohysus.com\/en\/wp-json\/wp\/v2\/types\/product"}],"replies":[{"embeddable":true,"href":"https:\/\/www.grupohysus.com\/en\/wp-json\/wp\/v2\/comments?post=2366"}],"wp:featuredmedia":[{"embeddable":true,"href":"https:\/\/www.grupohysus.com\/en\/wp-json\/wp\/v2\/media\/2367"}],"wp:attachment":[{"href":"https:\/\/www.grupohysus.com\/en\/wp-json\/wp\/v2\/media?parent=2366"}],"wp:term":[{"taxonomy":"product_brand","embeddable":true,"href":"https:\/\/www.grupohysus.com\/en\/wp-json\/wp\/v2\/product_brand?post=2366"},{"taxonomy":"product_cat","embeddable":true,"href":"https:\/\/www.grupohysus.com\/en\/wp-json\/wp\/v2\/product_cat?post=2366"},{"taxonomy":"product_tag","embeddable":true,"href":"https:\/\/www.grupohysus.com\/en\/wp-json\/wp\/v2\/product_tag?post=2366"}],"curies":[{"name":"wp","href":"https:\/\/api.w.org\/{rel}","templated":true}]}}